{"id":301,"date":"2025-06-05T11:39:49","date_gmt":"2025-06-05T11:39:49","guid":{"rendered":"https:\/\/www.celestinpepin.net\/home\/"},"modified":"2025-06-20T11:17:04","modified_gmt":"2025-06-20T11:17:04","slug":"home","status":"publish","type":"page","link":"https:\/\/www.celestinpepin.net\/fr\/","title":{"rendered":"Home"},"content":{"rendered":"<p>[et_pb_section fb_built=\u00a0\u00bb1&Prime; _builder_version=\u00a0\u00bb4.27.4&Prime; _module_preset=\u00a0\u00bbdefault\u00a0\u00bb background_color=\u00a0\u00bb#011422&Prime; background_enable_image=\u00a0\u00bboff\u00a0\u00bb custom_padding=\u00a0\u00bb100px||100px||true|false\u00a0\u00bb global_colors_info=\u00a0\u00bb{}\u00a0\u00bb][et_pb_row column_structure=\u00a0\u00bb3_5,2_5&Prime; _builder_version=\u00a0\u00bb4.27.4&Prime; _module_preset=\u00a0\u00bbdefault\u00a0\u00bb global_colors_info=\u00a0\u00bb{}\u00a0\u00bb][et_pb_column type=\u00a0\u00bb3_5&Prime; _builder_version=\u00a0\u00bb4.21.0&Prime; _module_preset=\u00a0\u00bbdefault\u00a0\u00bb global_colors_info=\u00a0\u00bb{}\u00a0\u00bb][et_pb_text module_id=\u00a0\u00bbhome\u00a0\u00bb _builder_version=\u00a0\u00bb4.27.4&Prime; _module_preset=\u00a0\u00bbdefault\u00a0\u00bb background_layout=\u00a0\u00bbdark\u00a0\u00bb text_text_shadow_style=\u00a0\u00bbpreset5&Prime; global_colors_info=\u00a0\u00bb{}\u00a0\u00bb]<\/p>\n<h1>Celestin Pepin &#8211; Invescap SA<\/h1>\n<p>[\/et_pb_text][et_pb_text _builder_version=\u00a0\u00bb4.26.1&Prime; _module_preset=\u00a0\u00bbdefault\u00a0\u00bb background_layout=\u00a0\u00bbdark\u00a0\u00bb text_text_shadow_style=\u00a0\u00bbpreset5&Prime; global_colors_info=\u00a0\u00bb{}\u00a0\u00bb]<\/p>\n<p>Seit 2023 ist Celestin Pepin Associate bei Invescap SA, Schweiz. In dieser Funktion leitete er ein Team bei der Entwicklung und Umsetzung einer US-Privatkredit-Investitionsstrategie, die sich auf die Bereitstellung von Betriebskapital konzentrierte. Im Rahmen dieser Aufgabe entwickelte er Marketingmaterial und pr\u00e4sentierte die Strategie potenziellen Investoren. Zudem f\u00fchrte er quantitative Modell-Portfolio-Simulationen durch, die zu einer h\u00f6heren Effizienz bei Investitionen und Risikomanagement f\u00fchrten. <\/p>\n<p>Bevor er seine jetzige Position antrat, war Herr Pepin von 2022 bis 2023 Junior Associate bei Invescap. Als solcher entwickelte und verkaufte er private Verm\u00f6gensstrategien f\u00fcr professionelle Kunden. Daneben entwickelte und implementierte er Methoden und Instrumente zur Berechnung und Amortisation von Privatfonds f\u00fcr einen institutionellen Kunden. <\/p>\n<p>[\/et_pb_text][et_pb_button button_url=\u00a0\u00bb#swiss-armed-forces\u00a0\u00bb button_text=\u00a0\u00bbForces Arm\u00e9es Suisses\u00a0\u00bb _builder_version=\u00a0\u00bb4.27.4&Prime; _module_preset=\u00a0\u00bbdefault\u00a0\u00bb global_colors_info=\u00a0\u00bb{}\u00a0\u00bb][\/et_pb_button][\/et_pb_column][et_pb_column type=\u00a0\u00bb2_5&Prime; _builder_version=\u00a0\u00bb4.21.0&Prime; _module_preset=\u00a0\u00bbdefault\u00a0\u00bb global_colors_info=\u00a0\u00bb{}\u00a0\u00bb][et_pb_image src=\u00a0\u00bbhttps:\/\/www.celestinpepin.net\/wp-content\/uploads\/2025\/06\/Celesin-Pepin-Profile.jpg\u00a0\u00bb title_text=\u00a0\u00bbCelesin-Pepin-Profile\u00a0\u00bb align=\u00a0\u00bbcenter\u00a0\u00bb _builder_version=\u00a0\u00bb4.27.4&Prime; _module_preset=\u00a0\u00bbdefault\u00a0\u00bb width=\u00a0\u00bb60%\u00a0\u00bb hover_enabled=\u00a0\u00bb0&Prime; border_radii=\u00a0\u00bbon|10px|10px|10px|10px\u00a0\u00bb global_colors_info=\u00a0\u00bb{}\u00a0\u00bb sticky_enabled=\u00a0\u00bb0&Prime;][\/et_pb_image][et_pb_social_media_follow _builder_version=\u00a0\u00bb4.27.4&Prime; _module_preset=\u00a0\u00bbdefault\u00a0\u00bb text_orientation=\u00a0\u00bbcenter\u00a0\u00bb global_colors_info=\u00a0\u00bb{}\u00a0\u00bb][et_pb_social_media_follow_network social_network=\u00a0\u00bbfacebook\u00a0\u00bb url=\u00a0\u00bbhttps:\/\/www.facebook.com\/CelestinPepin.Invescap\/\u00a0\u00bb _builder_version=\u00a0\u00bb4.27.4&Prime; _module_preset=\u00a0\u00bbdefault\u00a0\u00bb background_color=\u00a0\u00bb#58a3cd\u00a0\u00bb background_enable_color=\u00a0\u00bbon\u00a0\u00bb global_colors_info=\u00a0\u00bb{}\u00a0\u00bb follow_button=\u00a0\u00bboff\u00a0\u00bb url_new_window=\u00a0\u00bbon\u00a0\u00bb]facebook[\/et_pb_social_media_follow_network][et_pb_social_media_follow_network social_network=\u00a0\u00bbtwitter\u00a0\u00bb url=\u00a0\u00bbhttps:\/\/x.com\/CelestinPepin_\u00a0\u00bb _builder_version=\u00a0\u00bb4.27.4&Prime; _module_preset=\u00a0\u00bbdefault\u00a0\u00bb background_color=\u00a0\u00bb#58a3cd\u00a0\u00bb background_enable_color=\u00a0\u00bbon\u00a0\u00bb global_colors_info=\u00a0\u00bb{}\u00a0\u00bb follow_button=\u00a0\u00bboff\u00a0\u00bb url_new_window=\u00a0\u00bbon\u00a0\u00bb]X[\/et_pb_social_media_follow_network][et_pb_social_media_follow_network social_network=\u00a0\u00bblinkedin\u00a0\u00bb url=\u00a0\u00bbhttps:\/\/www.linkedin.com\/in\/celestinpepin\/\u00a0\u00bb _builder_version=\u00a0\u00bb4.27.4&Prime; _module_preset=\u00a0\u00bbdefault\u00a0\u00bb background_color=\u00a0\u00bb#58a3cd\u00a0\u00bb background_enable_color=\u00a0\u00bbon\u00a0\u00bb global_colors_info=\u00a0\u00bb{}\u00a0\u00bb follow_button=\u00a0\u00bboff\u00a0\u00bb url_new_window=\u00a0\u00bbon\u00a0\u00bb]linkedin[\/et_pb_social_media_follow_network][\/et_pb_social_media_follow][\/et_pb_column][\/et_pb_row][\/et_pb_section][et_pb_section fb_built=\u00a0\u00bb1&Prime; _builder_version=\u00a0\u00bb4.26.1&Prime; _module_preset=\u00a0\u00bbdefault\u00a0\u00bb background_color=\u00a0\u00bb#f4f7ff\u00a0\u00bb custom_padding=\u00a0\u00bb100px||100px||false|false\u00a0\u00bb global_colors_info=\u00a0\u00bb{}\u00a0\u00bb][et_pb_row column_structure=\u00a0\u00bb3_5,2_5&Prime; _builder_version=\u00a0\u00bb4.26.1&Prime; _module_preset=\u00a0\u00bbdefault\u00a0\u00bb global_colors_info=\u00a0\u00bb{}\u00a0\u00bb][et_pb_column type=\u00a0\u00bb3_5&Prime; _builder_version=\u00a0\u00bb4.21.0&Prime; _module_preset=\u00a0\u00bbdefault\u00a0\u00bb global_colors_info=\u00a0\u00bb{}\u00a0\u00bb][et_pb_text module_id=\u00a0\u00bbswiss-armed-forces\u00a0\u00bb _builder_version=\u00a0\u00bb4.27.4&Prime; _module_preset=\u00a0\u00bbdefault\u00a0\u00bb global_colors_info=\u00a0\u00bb{}\u00a0\u00bb]<\/p>\n<h1>Forces Arm\u00e9es Suisses<\/h1>\n<p>[\/et_pb_text][et_pb_text _builder_version=\u00a0\u00bb4.21.0&Prime; _module_preset=\u00a0\u00bbdefault\u00a0\u00bb global_colors_info=\u00a0\u00bb{}\u00a0\u00bb]<\/p>\n<p>Herr Pepin dient seit 2017 in der Schweizer Armee in verschiedenen St\u00fctzpunkten in der ganzen Schweiz. Als Oberleutnant war er 2018 vier Wochen lang als dreisprachiger Zugf\u00fchrer von 56 Soldaten f\u00fcr eine Rettungskompanie im Einsatz. W\u00e4hrend der COVID-19-Pandemie war er f\u00fcr die operative Einrichtung und organisatorische Planung eines Milit\u00e4rkrankenhauses zur Unterst\u00fctzung der Pandemiebek\u00e4mpfung im Jahr 2020 verantwortlich. <\/p>\n<p>[\/et_pb_text][et_pb_button button_url=\u00a0\u00bb#education\u00a0\u00bb button_text=\u00a0\u00bbL&rsquo;\u00e9ducation\u00a0\u00bb _builder_version=\u00a0\u00bb4.27.4&Prime; _module_preset=\u00a0\u00bbdefault\u00a0\u00bb hover_enabled=\u00a0\u00bb0&Prime; global_colors_info=\u00a0\u00bb{}\u00a0\u00bb sticky_enabled=\u00a0\u00bb0&Prime;][\/et_pb_button][\/et_pb_column][et_pb_column type=\u00a0\u00bb2_5&Prime; _builder_version=\u00a0\u00bb4.21.0&Prime; _module_preset=\u00a0\u00bbdefault\u00a0\u00bb global_colors_info=\u00a0\u00bb{}\u00a0\u00bb][et_pb_image src=\u00a0\u00bbhttps:\/\/www.celestinpepin.net\/wp-content\/uploads\/2025\/06\/Celestin-Pepin-Swiss-Army.jpg\u00a0\u00bb title_text=\u00a0\u00bbCelestin-Pepin-Swiss-Army\u00a0\u00bb _builder_version=\u00a0\u00bb4.27.4&Prime; _module_preset=\u00a0\u00bbdefault\u00a0\u00bb hover_enabled=\u00a0\u00bb0&Prime; border_radii=\u00a0\u00bbon|10px|10px|10px|10px\u00a0\u00bb global_colors_info=\u00a0\u00bb{}\u00a0\u00bb sticky_enabled=\u00a0\u00bb0&Prime;][\/et_pb_image][\/et_pb_column][\/et_pb_row][\/et_pb_section][et_pb_section fb_built=\u00a0\u00bb1&Prime; _builder_version=\u00a0\u00bb4.26.1&Prime; _module_preset=\u00a0\u00bbdefault\u00a0\u00bb background_color=\u00a0\u00bb#f4f7ff\u00a0\u00bb custom_padding=\u00a0\u00bb100px||100px||false|false\u00a0\u00bb global_colors_info=\u00a0\u00bb{}\u00a0\u00bb][et_pb_row _builder_version=\u00a0\u00bb4.21.0&Prime; _module_preset=\u00a0\u00bbdefault\u00a0\u00bb global_colors_info=\u00a0\u00bb{}\u00a0\u00bb][et_pb_column type=\u00a0\u00bb4_4&Prime; _builder_version=\u00a0\u00bb4.21.0&Prime; _module_preset=\u00a0\u00bbdefault\u00a0\u00bb global_colors_info=\u00a0\u00bb{}\u00a0\u00bb][et_pb_text module_id=\u00a0\u00bbeducation\u00a0\u00bb _builder_version=\u00a0\u00bb4.27.4&Prime; _module_preset=\u00a0\u00bbdefault\u00a0\u00bb global_colors_info=\u00a0\u00bb{}\u00a0\u00bb]<\/p>\n<h1>L&rsquo;\u00e9ducation<\/h1>\n<p>[\/et_pb_text][et_pb_text _builder_version=\u00a0\u00bb4.21.0&Prime; _module_preset=\u00a0\u00bbdefault\u00a0\u00bb global_colors_info=\u00a0\u00bb{}\u00a0\u00bb]<\/p>\n<p>Herr Pepin hat nicht nur einen BA-Abschluss in Wirtschaftswissenschaften an der Universit\u00e4t St. Gallen erworben (der ihm 2022 verliehen wurde), sondern auch alle drei Stufen des CFA-Programms am CFA-Institut absolviert. Er hofft, die CFA-Charter sp\u00e4ter im Jahr 2025 zu erhalten, nachdem er die entsprechende Berufserfahrung absolviert hat. Die Bachelorarbeit von Herrn Pepin mit dem Titel <g id=\"gid_0\">Effects of the Quantitative Easing Program on the US Stock Market During the COVID-19 Crisis <\/g>wurde von der Universit\u00e4t St. Gallen ver\u00f6ffentlicht \u2013 eine Auszeichnung, die den am besten bewerteten Abschlussarbeiten vorbehalten bleibt.  <\/p>\n<p>[\/et_pb_text][et_pb_button button_url=\u00a0\u00bb#hobbies\u00a0\u00bb button_text=\u00a0\u00bbLoisirs et centres d\u2019int\u00e9r\u00eat\u00a0\u00bb _builder_version=\u00a0\u00bb4.27.4&Prime; _module_preset=\u00a0\u00bbdefault\u00a0\u00bb global_colors_info=\u00a0\u00bb{}\u00a0\u00bb][\/et_pb_button][\/et_pb_column][\/et_pb_row][\/et_pb_section][et_pb_section fb_built=\u00a0\u00bb1&Prime; _builder_version=\u00a0\u00bb4.27.4&Prime; _module_preset=\u00a0\u00bbdefault\u00a0\u00bb background_color=\u00a0\u00bb#f4f7ff\u00a0\u00bb custom_padding=\u00a0\u00bb100px||150px||false|false\u00a0\u00bb global_colors_info=\u00a0\u00bb{}\u00a0\u00bb][et_pb_row column_structure=\u00a0\u00bb2_3,1_3&Prime; _builder_version=\u00a0\u00bb4.21.0&Prime; _module_preset=\u00a0\u00bbdefault\u00a0\u00bb global_colors_info=\u00a0\u00bb{}\u00a0\u00bb][et_pb_column type=\u00a0\u00bb2_3&Prime; _builder_version=\u00a0\u00bb4.21.0&Prime; _module_preset=\u00a0\u00bbdefault\u00a0\u00bb global_colors_info=\u00a0\u00bb{}\u00a0\u00bb][et_pb_text module_id=\u00a0\u00bbhobbies\u00a0\u00bb _builder_version=\u00a0\u00bb4.27.4&Prime; _module_preset=\u00a0\u00bbdefault\u00a0\u00bb global_colors_info=\u00a0\u00bb{}\u00a0\u00bb]<\/p>\n<h1>Loisirs et centres d\u2019int\u00e9r\u00eat<\/h1>\n<p>[\/et_pb_text][et_pb_text _builder_version=\u00a0\u00bb4.21.0&Prime; _module_preset=\u00a0\u00bbdefault\u00a0\u00bb global_colors_info=\u00a0\u00bb{}\u00a0\u00bb]<\/p>\n<p>Mr Pepin is multi-lingual and holds both Canadian and Swiss citizenship. To relax, he enjoys a range of hobbies including sailing, going to the gym, learning languages, running, cooking and travelling \u2013 the latter is something he particularly enjoys, having visited more than 100 countries so far. He also likes to visit the theatre, citing his favourite musical as <g id=\"gid_0\">West Side Story<\/g>; listening to music; and reading. He takes a keen interest in economic history and finance, particularly private assets or real assets that offer diversification to bonds and stocks, and he is also interested in behavioural finance. Mr Pepin is a member of the HSGAlumniAnciens de St.Gall, the Offiziersverein HSG Alumni and the Transfusion Interregionale CRS, the latter in his capacity as a blood donor.    <\/p>\n<p>Seit kurzem arbeitet er ehrenamtlich f\u00fcr das Schweizerische Rote Kreuz und hilft Kindern aus Kriegsl\u00e4ndern, die in der Schweiz Asyl erhalten haben, sich an das Schulsystem zu gew\u00f6hnen, Franz\u00f6sisch zu lernen und ihre Hausaufgaben zu erledigen.<\/p>\n<p>[\/et_pb_text][\/et_pb_column][et_pb_column type=\u00a0\u00bb1_3&Prime; _builder_version=\u00a0\u00bb4.21.0&Prime; _module_preset=\u00a0\u00bbdefault\u00a0\u00bb global_colors_info=\u00a0\u00bb{}\u00a0\u00bb][et_pb_image src=\u00a0\u00bbhttps:\/\/www.celestinpepin.net\/wp-content\/uploads\/2025\/06\/Celestin-Pepin-Sailing.jpg\u00a0\u00bb title_text=\u00a0\u00bbCelestin-Pepin-Sailing\u00a0\u00bb _builder_version=\u00a0\u00bb4.27.4&Prime; _module_preset=\u00a0\u00bbdefault\u00a0\u00bb hover_enabled=\u00a0\u00bb0&Prime; border_radii=\u00a0\u00bbon|10px|10px|10px|10px\u00a0\u00bb global_colors_info=\u00a0\u00bb{}\u00a0\u00bb sticky_enabled=\u00a0\u00bb0&Prime;][\/et_pb_image][\/et_pb_column][\/et_pb_row][\/et_pb_section]<\/p>\n","protected":false},"excerpt":{"rendered":"<p>Celestin Pepin &#8211; Invescap SASeit 2023 ist Celestin Pepin Associate bei Invescap SA, Schweiz. In dieser Funktion leitete er ein Team bei der Entwicklung und Umsetzung einer US-Privatkredit-Investitionsstrategie, die sich auf die Bereitstellung von Betriebskapital konzentrierte. Im Rahmen dieser Aufgabe entwickelte er Marketingmaterial und pr\u00e4sentierte die Strategie potenziellen Investoren. Zudem f\u00fchrte er quantitative Modell-Portfolio-Simulationen durch, [&hellip;]<\/p>\n","protected":false},"author":1,"featured_media":0,"parent":0,"menu_order":0,"comment_status":"closed","ping_status":"closed","template":"","meta":{"_et_pb_use_builder":"on","_et_pb_old_content":"","_et_gb_content_width":"","footnotes":""},"class_list":["post-301","page","type-page","status-publish","hentry"],"yoast_head":"<!-- This site is optimized with the Yoast SEO plugin v27.4 - https:\/\/yoast.com\/product\/yoast-seo-wordpress\/ -->\n<title>Home - Celestin Pepin<\/title>\n<meta name=\"robots\" content=\"index, follow, max-snippet:-1, max-image-preview:large, max-video-preview:-1\" \/>\n<link rel=\"canonical\" href=\"https:\/\/www.celestinpepin.net\/fr\/\" \/>\n<meta property=\"og:locale\" content=\"fr_FR\" \/>\n<meta property=\"og:type\" content=\"article\" \/>\n<meta property=\"og:title\" content=\"Home - Celestin Pepin\" \/>\n<meta property=\"og:description\" content=\"Celestin Pepin - Invescap SASeit 2023 ist Celestin Pepin Associate bei Invescap SA, Schweiz. In dieser Funktion leitete er ein Team bei der Entwicklung und Umsetzung einer US-Privatkredit-Investitionsstrategie, die sich auf die Bereitstellung von Betriebskapital konzentrierte. Im Rahmen dieser Aufgabe entwickelte er Marketingmaterial und pr\u00e4sentierte die Strategie potenziellen Investoren. Zudem f\u00fchrte er quantitative Modell-Portfolio-Simulationen durch, [&hellip;]\" \/>\n<meta property=\"og:url\" content=\"https:\/\/www.celestinpepin.net\/fr\/\" \/>\n<meta property=\"og:site_name\" content=\"Celestin Pepin\" \/>\n<meta property=\"article:modified_time\" content=\"2025-06-20T11:17:04+00:00\" \/>\n<meta name=\"twitter:card\" content=\"summary_large_image\" \/>\n<meta name=\"twitter:label1\" content=\"Dur\u00e9e de lecture estim\u00e9e\" \/>\n\t<meta name=\"twitter:data1\" content=\"6 minutes\" \/>\n<script type=\"application\/ld+json\" class=\"yoast-schema-graph\">{\"@context\":\"https:\\\/\\\/schema.org\",\"@graph\":[{\"@type\":\"WebPage\",\"@id\":\"https:\\\/\\\/www.celestinpepin.net\\\/fr\\\/\",\"url\":\"https:\\\/\\\/www.celestinpepin.net\\\/fr\\\/\",\"name\":\"Home - Celestin Pepin\",\"isPartOf\":{\"@id\":\"https:\\\/\\\/www.celestinpepin.net\\\/fr\\\/#website\"},\"datePublished\":\"2025-06-05T11:39:49+00:00\",\"dateModified\":\"2025-06-20T11:17:04+00:00\",\"breadcrumb\":{\"@id\":\"https:\\\/\\\/www.celestinpepin.net\\\/fr\\\/#breadcrumb\"},\"inLanguage\":\"fr-FR\",\"potentialAction\":[{\"@type\":\"ReadAction\",\"target\":[\"https:\\\/\\\/www.celestinpepin.net\\\/fr\\\/\"]}]},{\"@type\":\"BreadcrumbList\",\"@id\":\"https:\\\/\\\/www.celestinpepin.net\\\/fr\\\/#breadcrumb\",\"itemListElement\":[{\"@type\":\"ListItem\",\"position\":1,\"name\":\"Home\",\"item\":\"https:\\\/\\\/www.celestinpepin.net\\\/fr\\\/\"},{\"@type\":\"ListItem\",\"position\":2,\"name\":\"Home\"}]},{\"@type\":\"WebSite\",\"@id\":\"https:\\\/\\\/www.celestinpepin.net\\\/fr\\\/#website\",\"url\":\"https:\\\/\\\/www.celestinpepin.net\\\/fr\\\/\",\"name\":\"Celestin Pepin\",\"description\":\"This is the blog of Celestin Pepin\",\"potentialAction\":[{\"@type\":\"SearchAction\",\"target\":{\"@type\":\"EntryPoint\",\"urlTemplate\":\"https:\\\/\\\/www.celestinpepin.net\\\/fr\\\/?s={search_term_string}\"},\"query-input\":{\"@type\":\"PropertyValueSpecification\",\"valueRequired\":true,\"valueName\":\"search_term_string\"}}],\"inLanguage\":\"fr-FR\"}]}<\/script>\n<!-- \/ Yoast SEO plugin. -->","yoast_head_json":{"title":"Home - Celestin Pepin","robots":{"index":"index","follow":"follow","max-snippet":"max-snippet:-1","max-image-preview":"max-image-preview:large","max-video-preview":"max-video-preview:-1"},"canonical":"https:\/\/www.celestinpepin.net\/fr\/","og_locale":"fr_FR","og_type":"article","og_title":"Home - Celestin Pepin","og_description":"Celestin Pepin - Invescap SASeit 2023 ist Celestin Pepin Associate bei Invescap SA, Schweiz. In dieser Funktion leitete er ein Team bei der Entwicklung und Umsetzung einer US-Privatkredit-Investitionsstrategie, die sich auf die Bereitstellung von Betriebskapital konzentrierte. Im Rahmen dieser Aufgabe entwickelte er Marketingmaterial und pr\u00e4sentierte die Strategie potenziellen Investoren. Zudem f\u00fchrte er quantitative Modell-Portfolio-Simulationen durch, [&hellip;]","og_url":"https:\/\/www.celestinpepin.net\/fr\/","og_site_name":"Celestin Pepin","article_modified_time":"2025-06-20T11:17:04+00:00","twitter_card":"summary_large_image","twitter_misc":{"Dur\u00e9e de lecture estim\u00e9e":"6 minutes"},"schema":{"@context":"https:\/\/schema.org","@graph":[{"@type":"WebPage","@id":"https:\/\/www.celestinpepin.net\/fr\/","url":"https:\/\/www.celestinpepin.net\/fr\/","name":"Home - Celestin Pepin","isPartOf":{"@id":"https:\/\/www.celestinpepin.net\/fr\/#website"},"datePublished":"2025-06-05T11:39:49+00:00","dateModified":"2025-06-20T11:17:04+00:00","breadcrumb":{"@id":"https:\/\/www.celestinpepin.net\/fr\/#breadcrumb"},"inLanguage":"fr-FR","potentialAction":[{"@type":"ReadAction","target":["https:\/\/www.celestinpepin.net\/fr\/"]}]},{"@type":"BreadcrumbList","@id":"https:\/\/www.celestinpepin.net\/fr\/#breadcrumb","itemListElement":[{"@type":"ListItem","position":1,"name":"Home","item":"https:\/\/www.celestinpepin.net\/fr\/"},{"@type":"ListItem","position":2,"name":"Home"}]},{"@type":"WebSite","@id":"https:\/\/www.celestinpepin.net\/fr\/#website","url":"https:\/\/www.celestinpepin.net\/fr\/","name":"Celestin Pepin","description":"This is the blog of Celestin Pepin","potentialAction":[{"@type":"SearchAction","target":{"@type":"EntryPoint","urlTemplate":"https:\/\/www.celestinpepin.net\/fr\/?s={search_term_string}"},"query-input":{"@type":"PropertyValueSpecification","valueRequired":true,"valueName":"search_term_string"}}],"inLanguage":"fr-FR"}]}},"_links":{"self":[{"href":"https:\/\/www.celestinpepin.net\/fr\/wp-json\/wp\/v2\/pages\/301","targetHints":{"allow":["GET"]}}],"collection":[{"href":"https:\/\/www.celestinpepin.net\/fr\/wp-json\/wp\/v2\/pages"}],"about":[{"href":"https:\/\/www.celestinpepin.net\/fr\/wp-json\/wp\/v2\/types\/page"}],"author":[{"embeddable":true,"href":"https:\/\/www.celestinpepin.net\/fr\/wp-json\/wp\/v2\/users\/1"}],"replies":[{"embeddable":true,"href":"https:\/\/www.celestinpepin.net\/fr\/wp-json\/wp\/v2\/comments?post=301"}],"version-history":[{"count":3,"href":"https:\/\/www.celestinpepin.net\/fr\/wp-json\/wp\/v2\/pages\/301\/revisions"}],"predecessor-version":[{"id":305,"href":"https:\/\/www.celestinpepin.net\/fr\/wp-json\/wp\/v2\/pages\/301\/revisions\/305"}],"wp:attachment":[{"href":"https:\/\/www.celestinpepin.net\/fr\/wp-json\/wp\/v2\/media?parent=301"}],"curies":[{"name":"wp","href":"https:\/\/api.w.org\/{rel}","templated":true}]}}