{"id":306,"date":"2025-06-05T11:39:49","date_gmt":"2025-06-05T11:39:49","guid":{"rendered":"https:\/\/www.celestinpepin.net\/home\/"},"modified":"2025-06-20T11:35:44","modified_gmt":"2025-06-20T11:35:44","slug":"home","status":"publish","type":"page","link":"https:\/\/www.celestinpepin.net\/de\/","title":{"rendered":"Home"},"content":{"rendered":"<p>[et_pb_section fb_built=&#8220;1&#8243; _builder_version=&#8220;4.27.4&#8243; _module_preset=&#8220;default&#8220; background_color=&#8220;#011422&#8243; background_enable_image=&#8220;off&#8220; custom_padding=&#8220;100px||100px||true|false&#8220; global_colors_info=&#8220;{}&#8220;][et_pb_row column_structure=&#8220;3_5,2_5&#8243; _builder_version=&#8220;4.27.4&#8243; _module_preset=&#8220;default&#8220; global_colors_info=&#8220;{}&#8220;][et_pb_column type=&#8220;3_5&#8243; _builder_version=&#8220;4.21.0&#8243; _module_preset=&#8220;default&#8220; global_colors_info=&#8220;{}&#8220;][et_pb_text module_id=&#8220;home&#8220; _builder_version=&#8220;4.27.4&#8243; _module_preset=&#8220;default&#8220; background_layout=&#8220;dark&#8220; text_text_shadow_style=&#8220;preset5&#8243; global_colors_info=&#8220;{}&#8220;]<\/p>\n<h1>Celestin Pepin &#8211; Invescap SA<\/h1>\n<p>[\/et_pb_text][et_pb_text _builder_version=&#8220;4.26.1&#8243; _module_preset=&#8220;default&#8220; background_layout=&#8220;dark&#8220; text_text_shadow_style=&#8220;preset5&#8243; global_colors_info=&#8220;{}&#8220;]<\/p>\n<p>Seit 2023 ist Celestin Pepin Associate bei Invescap SA, Schweiz. In dieser Funktion leitete er ein Team bei der Entwicklung und Umsetzung einer US-Privatkredit-Investitionsstrategie, die sich auf die Bereitstellung von Betriebskapital konzentrierte. Im Rahmen dieser Aufgabe entwickelte er Marketingmaterial und pr\u00e4sentierte die Strategie potenziellen Investoren. Zudem f\u00fchrte er quantitative Modell-Portfolio-Simulationen durch, die zu einer h\u00f6heren Effizienz bei Investitionen und Risikomanagement f\u00fchrten. <\/p>\n<p>Bevor er seine jetzige Position antrat, war Herr Pepin von 2022 bis 2023 Junior Associate bei Invescap. Als solcher entwickelte und verkaufte er private Verm\u00f6gensstrategien f\u00fcr professionelle Kunden. Daneben entwickelte und implementierte er Methoden und Instrumente zur Berechnung und Amortisation von Privatfonds f\u00fcr einen institutionellen Kunden. <\/p>\n<p>[\/et_pb_text][et_pb_button button_url=&#8220;#swiss-armed-forces&#8220; button_text=&#8220;Schweizer Streitkr\u00e4fte&#8220; _builder_version=&#8220;4.27.4&#8243; _module_preset=&#8220;default&#8220; global_colors_info=&#8220;{}&#8220;][\/et_pb_button][\/et_pb_column][et_pb_column type=&#8220;2_5&#8243; _builder_version=&#8220;4.21.0&#8243; _module_preset=&#8220;default&#8220; global_colors_info=&#8220;{}&#8220;][et_pb_image src=&#8220;https:\/\/www.celestinpepin.net\/wp-content\/uploads\/2025\/06\/Celesin-Pepin-Profile.jpg&#8220; title_text=&#8220;Celesin-Pepin-Profile&#8220; align=&#8220;center&#8220; _builder_version=&#8220;4.27.4&#8243; _module_preset=&#8220;default&#8220; width=&#8220;60%&#8220; hover_enabled=&#8220;0&#8243; border_radii=&#8220;on|10px|10px|10px|10px&#8220; global_colors_info=&#8220;{}&#8220; sticky_enabled=&#8220;0&#8243;][\/et_pb_image][et_pb_social_media_follow _builder_version=&#8220;4.27.4&#8243; _module_preset=&#8220;default&#8220; text_orientation=&#8220;center&#8220; global_colors_info=&#8220;{}&#8220;][et_pb_social_media_follow_network social_network=&#8220;facebook&#8220; url=&#8220;https:\/\/www.facebook.com\/CelestinPepin.Invescap\/&#8220; _builder_version=&#8220;4.27.4&#8243; _module_preset=&#8220;default&#8220; background_color=&#8220;#58a3cd&#8220; background_enable_color=&#8220;on&#8220; global_colors_info=&#8220;{}&#8220; follow_button=&#8220;off&#8220; url_new_window=&#8220;on&#8220;]facebook[\/et_pb_social_media_follow_network][et_pb_social_media_follow_network social_network=&#8220;twitter&#8220; url=&#8220;https:\/\/x.com\/CelestinPepin_&#8220; _builder_version=&#8220;4.27.4&#8243; _module_preset=&#8220;default&#8220; background_color=&#8220;#58a3cd&#8220; background_enable_color=&#8220;on&#8220; global_colors_info=&#8220;{}&#8220; follow_button=&#8220;off&#8220; url_new_window=&#8220;on&#8220;]X[\/et_pb_social_media_follow_network][et_pb_social_media_follow_network social_network=&#8220;linkedin&#8220; url=&#8220;https:\/\/www.linkedin.com\/in\/celestinpepin\/&#8220; _builder_version=&#8220;4.27.4&#8243; _module_preset=&#8220;default&#8220; background_color=&#8220;#58a3cd&#8220; background_enable_color=&#8220;on&#8220; global_colors_info=&#8220;{}&#8220; follow_button=&#8220;off&#8220; url_new_window=&#8220;on&#8220;]linkedin[\/et_pb_social_media_follow_network][\/et_pb_social_media_follow][\/et_pb_column][\/et_pb_row][\/et_pb_section][et_pb_section fb_built=&#8220;1&#8243; _builder_version=&#8220;4.26.1&#8243; _module_preset=&#8220;default&#8220; background_color=&#8220;#f4f7ff&#8220; custom_padding=&#8220;100px||100px||false|false&#8220; global_colors_info=&#8220;{}&#8220;][et_pb_row column_structure=&#8220;3_5,2_5&#8243; _builder_version=&#8220;4.26.1&#8243; _module_preset=&#8220;default&#8220; global_colors_info=&#8220;{}&#8220;][et_pb_column type=&#8220;3_5&#8243; _builder_version=&#8220;4.21.0&#8243; _module_preset=&#8220;default&#8220; global_colors_info=&#8220;{}&#8220;][et_pb_text module_id=&#8220;swiss-armed-forces&#8220; _builder_version=&#8220;4.27.4&#8243; _module_preset=&#8220;default&#8220; global_colors_info=&#8220;{}&#8220;]<\/p>\n<h1>Schweizer Streitkr\u00e4fte<\/h1>\n<p>[\/et_pb_text][et_pb_text _builder_version=&#8220;4.21.0&#8243; _module_preset=&#8220;default&#8220; global_colors_info=&#8220;{}&#8220;]<\/p>\n<p>Herr Pepin dient seit 2017 in der Schweizer Armee in verschiedenen St\u00fctzpunkten in der ganzen Schweiz. Als Oberleutnant war er 2018 vier Wochen lang als dreisprachiger Zugf\u00fchrer von 56 Soldaten f\u00fcr eine Rettungskompanie im Einsatz. W\u00e4hrend der COVID-19-Pandemie war er f\u00fcr die operative Einrichtung und organisatorische Planung eines Milit\u00e4rkrankenhauses zur Unterst\u00fctzung der Pandemiebek\u00e4mpfung im Jahr 2020 verantwortlich. <\/p>\n<p>[\/et_pb_text][et_pb_button button_url=&#8220;#education&#8220; button_text=&#8220;Bildung&#8220; _builder_version=&#8220;4.27.4&#8243; _module_preset=&#8220;default&#8220; global_colors_info=&#8220;{}&#8220;][\/et_pb_button][\/et_pb_column][et_pb_column type=&#8220;2_5&#8243; _builder_version=&#8220;4.21.0&#8243; _module_preset=&#8220;default&#8220; global_colors_info=&#8220;{}&#8220;][et_pb_image src=&#8220;https:\/\/www.celestinpepin.net\/wp-content\/uploads\/2025\/06\/Celestin-Pepin-Swiss-Army.jpg&#8220; title_text=&#8220;Celestin-Pepin-Swiss-Army&#8220; _builder_version=&#8220;4.27.4&#8243; _module_preset=&#8220;default&#8220; hover_enabled=&#8220;0&#8243; border_radii=&#8220;on|10px|10px|10px|10px&#8220; global_colors_info=&#8220;{}&#8220; sticky_enabled=&#8220;0&#8243;][\/et_pb_image][\/et_pb_column][\/et_pb_row][\/et_pb_section][et_pb_section fb_built=&#8220;1&#8243; _builder_version=&#8220;4.26.1&#8243; _module_preset=&#8220;default&#8220; background_color=&#8220;#f4f7ff&#8220; custom_padding=&#8220;100px||100px||false|false&#8220; global_colors_info=&#8220;{}&#8220;][et_pb_row _builder_version=&#8220;4.21.0&#8243; _module_preset=&#8220;default&#8220; global_colors_info=&#8220;{}&#8220;][et_pb_column type=&#8220;4_4&#8243; _builder_version=&#8220;4.21.0&#8243; _module_preset=&#8220;default&#8220; global_colors_info=&#8220;{}&#8220;][et_pb_text module_id=&#8220;education&#8220; _builder_version=&#8220;4.27.4&#8243; _module_preset=&#8220;default&#8220; global_colors_info=&#8220;{}&#8220;]<\/p>\n<h1>Bildung<\/h1>\n<p>[\/et_pb_text][et_pb_text _builder_version=&#8220;4.21.0&#8243; _module_preset=&#8220;default&#8220; global_colors_info=&#8220;{}&#8220;]<\/p>\n<p>Herr Pepin hat nicht nur einen BA-Abschluss in Wirtschaftswissenschaften an der Universit\u00e4t St. Gallen erworben (der ihm 2022 verliehen wurde), sondern auch alle drei Stufen des CFA-Programms am CFA-Institut absolviert. Er hofft, die CFA-Charter sp\u00e4ter im Jahr 2025 zu erhalten, nachdem er die entsprechende Berufserfahrung absolviert hat. Die Bachelorarbeit von Herrn Pepin mit dem Titel <em>Effects of the Quantitative Easing Program on the US Stock Market During the COVID-19 Crisis<\/em> wurde von der Universit\u00e4t St. Gallen ver\u00f6ffentlicht \u2013 eine Auszeichnung, die den am besten bewerteten Abschlussarbeiten vorbehalten bleibt.Education  <\/p>\n<p>[\/et_pb_text][et_pb_button button_url=&#8220;#hobbies&#8220; button_text=&#8220;Hobbys &amp; Interessen&#8220; _builder_version=&#8220;4.27.4&#8243; _module_preset=&#8220;default&#8220; global_colors_info=&#8220;{}&#8220;][\/et_pb_button][\/et_pb_column][\/et_pb_row][\/et_pb_section][et_pb_section fb_built=&#8220;1&#8243; _builder_version=&#8220;4.27.4&#8243; _module_preset=&#8220;default&#8220; background_color=&#8220;#f4f7ff&#8220; custom_padding=&#8220;100px||150px||false|false&#8220; global_colors_info=&#8220;{}&#8220;][et_pb_row column_structure=&#8220;2_3,1_3&#8243; _builder_version=&#8220;4.21.0&#8243; _module_preset=&#8220;default&#8220; global_colors_info=&#8220;{}&#8220;][et_pb_column type=&#8220;2_3&#8243; _builder_version=&#8220;4.21.0&#8243; _module_preset=&#8220;default&#8220; global_colors_info=&#8220;{}&#8220;][et_pb_text module_id=&#8220;hobbies&#8220; _builder_version=&#8220;4.27.4&#8243; _module_preset=&#8220;default&#8220; global_colors_info=&#8220;{}&#8220;]<\/p>\n<h1>Hobbys &amp; Interessen<\/h1>\n<p>[\/et_pb_text][et_pb_text _builder_version=&#8220;4.21.0&#8243; _module_preset=&#8220;default&#8220; global_colors_info=&#8220;{}&#8220;]<\/p>\n<p>Herr Pepin ist mehrsprachig und besitzt sowohl die kanadische als auch die schweizerische Staatsb\u00fcrgerschaft. Zur Entspannung pflegt er eine Reihe von Hobbys, darunter Segeln, Fitnessstudio, Sprachen lernen, Laufen, Kochen und Reisen \u2013 Letzteres ist etwas, das ihm besonders viel Freude bereitet, und er hat bereits mehr als 100 L\u00e4nder besucht. Er geht auch gerne ins Theater und nennt als sein Lieblingsmusical <em>West Side Story<\/em>, genie\u00dft Musik und Lesen. Er interessiert sich sehr f\u00fcr Wirtschaftsgeschichte und Finanzen, speziell f\u00fcr Privatverm\u00f6gen oder reale Verm\u00f6genswerte, die eine Diversifizierung von Anleihen und Aktien bieten. Daneben interessiert ihn auch die Verhaltens\u00f6konomie. Herr Pepin ist Mitglied der HSG Alumni Anciens de St.Gallen, des Offiziersvereins HSG Alumni und der Transfusion Interregionale CRS, letztere in seiner Eigenschaft als Blutspender.    <\/p>\n<p>Seit kurzem arbeitet er ehrenamtlich f\u00fcr das Schweizerische Rote Kreuz und hilft Kindern aus Kriegsl\u00e4ndern, die in der Schweiz Asyl erhalten haben, sich an das Schulsystem zu gew\u00f6hnen, Franz\u00f6sisch zu lernen und ihre Hausaufgaben zu erledigen.<\/p>\n<p>[\/et_pb_text][\/et_pb_column][et_pb_column type=&#8220;1_3&#8243; _builder_version=&#8220;4.21.0&#8243; _module_preset=&#8220;default&#8220; global_colors_info=&#8220;{}&#8220;][et_pb_image src=&#8220;https:\/\/www.celestinpepin.net\/wp-content\/uploads\/2025\/06\/Celestin-Pepin-Sailing.jpg&#8220; title_text=&#8220;Celestin-Pepin-Sailing&#8220; _builder_version=&#8220;4.27.4&#8243; _module_preset=&#8220;default&#8220; hover_enabled=&#8220;0&#8243; border_radii=&#8220;on|10px|10px|10px|10px&#8220; global_colors_info=&#8220;{}&#8220; sticky_enabled=&#8220;0&#8243;][\/et_pb_image][\/et_pb_column][\/et_pb_row][\/et_pb_section]<\/p>\n","protected":false},"excerpt":{"rendered":"<p>Celestin Pepin &#8211; Invescap SASeit 2023 ist Celestin Pepin Associate bei Invescap SA, Schweiz. In dieser Funktion leitete er ein Team bei der Entwicklung und Umsetzung einer US-Privatkredit-Investitionsstrategie, die sich auf die Bereitstellung von Betriebskapital konzentrierte. Im Rahmen dieser Aufgabe entwickelte er Marketingmaterial und pr\u00e4sentierte die Strategie potenziellen Investoren. Zudem f\u00fchrte er quantitative Modell-Portfolio-Simulationen durch, [&hellip;]<\/p>\n","protected":false},"author":1,"featured_media":0,"parent":0,"menu_order":0,"comment_status":"closed","ping_status":"closed","template":"","meta":{"_et_pb_use_builder":"on","_et_pb_old_content":"","_et_gb_content_width":"","footnotes":""},"class_list":["post-306","page","type-page","status-publish","hentry"],"yoast_head":"<!-- This site is optimized with the Yoast SEO plugin v27.4 - https:\/\/yoast.com\/product\/yoast-seo-wordpress\/ -->\n<title>Home - Celestin Pepin<\/title>\n<meta name=\"robots\" content=\"index, follow, max-snippet:-1, max-image-preview:large, max-video-preview:-1\" \/>\n<link rel=\"canonical\" href=\"https:\/\/www.celestinpepin.net\/de\/\" \/>\n<meta property=\"og:locale\" content=\"de_DE\" \/>\n<meta property=\"og:type\" content=\"article\" \/>\n<meta property=\"og:title\" content=\"Home - Celestin Pepin\" \/>\n<meta property=\"og:description\" content=\"Celestin Pepin - Invescap SASeit 2023 ist Celestin Pepin Associate bei Invescap SA, Schweiz. In dieser Funktion leitete er ein Team bei der Entwicklung und Umsetzung einer US-Privatkredit-Investitionsstrategie, die sich auf die Bereitstellung von Betriebskapital konzentrierte. Im Rahmen dieser Aufgabe entwickelte er Marketingmaterial und pr\u00e4sentierte die Strategie potenziellen Investoren. Zudem f\u00fchrte er quantitative Modell-Portfolio-Simulationen durch, [&hellip;]\" \/>\n<meta property=\"og:url\" content=\"https:\/\/www.celestinpepin.net\/de\/\" \/>\n<meta property=\"og:site_name\" content=\"Celestin Pepin\" \/>\n<meta property=\"article:modified_time\" content=\"2025-06-20T11:35:44+00:00\" \/>\n<meta name=\"twitter:card\" content=\"summary_large_image\" \/>\n<meta name=\"twitter:label1\" content=\"Gesch\u00e4tzte Lesezeit\" \/>\n\t<meta name=\"twitter:data1\" content=\"6\u00a0Minuten\" \/>\n<script type=\"application\/ld+json\" class=\"yoast-schema-graph\">{\"@context\":\"https:\\\/\\\/schema.org\",\"@graph\":[{\"@type\":\"WebPage\",\"@id\":\"https:\\\/\\\/www.celestinpepin.net\\\/de\\\/\",\"url\":\"https:\\\/\\\/www.celestinpepin.net\\\/de\\\/\",\"name\":\"Home - Celestin Pepin\",\"isPartOf\":{\"@id\":\"https:\\\/\\\/www.celestinpepin.net\\\/de\\\/#website\"},\"datePublished\":\"2025-06-05T11:39:49+00:00\",\"dateModified\":\"2025-06-20T11:35:44+00:00\",\"breadcrumb\":{\"@id\":\"https:\\\/\\\/www.celestinpepin.net\\\/de\\\/#breadcrumb\"},\"inLanguage\":\"de\",\"potentialAction\":[{\"@type\":\"ReadAction\",\"target\":[\"https:\\\/\\\/www.celestinpepin.net\\\/de\\\/\"]}]},{\"@type\":\"BreadcrumbList\",\"@id\":\"https:\\\/\\\/www.celestinpepin.net\\\/de\\\/#breadcrumb\",\"itemListElement\":[{\"@type\":\"ListItem\",\"position\":1,\"name\":\"Home\",\"item\":\"https:\\\/\\\/www.celestinpepin.net\\\/de\\\/home\\\/\"},{\"@type\":\"ListItem\",\"position\":2,\"name\":\"Home\"}]},{\"@type\":\"WebSite\",\"@id\":\"https:\\\/\\\/www.celestinpepin.net\\\/de\\\/#website\",\"url\":\"https:\\\/\\\/www.celestinpepin.net\\\/de\\\/\",\"name\":\"Celestin Pepin\",\"description\":\"This is the blog of Celestin Pepin\",\"potentialAction\":[{\"@type\":\"SearchAction\",\"target\":{\"@type\":\"EntryPoint\",\"urlTemplate\":\"https:\\\/\\\/www.celestinpepin.net\\\/de\\\/?s={search_term_string}\"},\"query-input\":{\"@type\":\"PropertyValueSpecification\",\"valueRequired\":true,\"valueName\":\"search_term_string\"}}],\"inLanguage\":\"de\"}]}<\/script>\n<!-- \/ Yoast SEO plugin. -->","yoast_head_json":{"title":"Home - Celestin Pepin","robots":{"index":"index","follow":"follow","max-snippet":"max-snippet:-1","max-image-preview":"max-image-preview:large","max-video-preview":"max-video-preview:-1"},"canonical":"https:\/\/www.celestinpepin.net\/de\/","og_locale":"de_DE","og_type":"article","og_title":"Home - Celestin Pepin","og_description":"Celestin Pepin - Invescap SASeit 2023 ist Celestin Pepin Associate bei Invescap SA, Schweiz. In dieser Funktion leitete er ein Team bei der Entwicklung und Umsetzung einer US-Privatkredit-Investitionsstrategie, die sich auf die Bereitstellung von Betriebskapital konzentrierte. Im Rahmen dieser Aufgabe entwickelte er Marketingmaterial und pr\u00e4sentierte die Strategie potenziellen Investoren. Zudem f\u00fchrte er quantitative Modell-Portfolio-Simulationen durch, [&hellip;]","og_url":"https:\/\/www.celestinpepin.net\/de\/","og_site_name":"Celestin Pepin","article_modified_time":"2025-06-20T11:35:44+00:00","twitter_card":"summary_large_image","twitter_misc":{"Gesch\u00e4tzte Lesezeit":"6\u00a0Minuten"},"schema":{"@context":"https:\/\/schema.org","@graph":[{"@type":"WebPage","@id":"https:\/\/www.celestinpepin.net\/de\/","url":"https:\/\/www.celestinpepin.net\/de\/","name":"Home - Celestin Pepin","isPartOf":{"@id":"https:\/\/www.celestinpepin.net\/de\/#website"},"datePublished":"2025-06-05T11:39:49+00:00","dateModified":"2025-06-20T11:35:44+00:00","breadcrumb":{"@id":"https:\/\/www.celestinpepin.net\/de\/#breadcrumb"},"inLanguage":"de","potentialAction":[{"@type":"ReadAction","target":["https:\/\/www.celestinpepin.net\/de\/"]}]},{"@type":"BreadcrumbList","@id":"https:\/\/www.celestinpepin.net\/de\/#breadcrumb","itemListElement":[{"@type":"ListItem","position":1,"name":"Home","item":"https:\/\/www.celestinpepin.net\/de\/home\/"},{"@type":"ListItem","position":2,"name":"Home"}]},{"@type":"WebSite","@id":"https:\/\/www.celestinpepin.net\/de\/#website","url":"https:\/\/www.celestinpepin.net\/de\/","name":"Celestin Pepin","description":"This is the blog of Celestin Pepin","potentialAction":[{"@type":"SearchAction","target":{"@type":"EntryPoint","urlTemplate":"https:\/\/www.celestinpepin.net\/de\/?s={search_term_string}"},"query-input":{"@type":"PropertyValueSpecification","valueRequired":true,"valueName":"search_term_string"}}],"inLanguage":"de"}]}},"_links":{"self":[{"href":"https:\/\/www.celestinpepin.net\/de\/wp-json\/wp\/v2\/pages\/306","targetHints":{"allow":["GET"]}}],"collection":[{"href":"https:\/\/www.celestinpepin.net\/de\/wp-json\/wp\/v2\/pages"}],"about":[{"href":"https:\/\/www.celestinpepin.net\/de\/wp-json\/wp\/v2\/types\/page"}],"author":[{"embeddable":true,"href":"https:\/\/www.celestinpepin.net\/de\/wp-json\/wp\/v2\/users\/1"}],"replies":[{"embeddable":true,"href":"https:\/\/www.celestinpepin.net\/de\/wp-json\/wp\/v2\/comments?post=306"}],"version-history":[{"count":2,"href":"https:\/\/www.celestinpepin.net\/de\/wp-json\/wp\/v2\/pages\/306\/revisions"}],"predecessor-version":[{"id":308,"href":"https:\/\/www.celestinpepin.net\/de\/wp-json\/wp\/v2\/pages\/306\/revisions\/308"}],"wp:attachment":[{"href":"https:\/\/www.celestinpepin.net\/de\/wp-json\/wp\/v2\/media?parent=306"}],"curies":[{"name":"wp","href":"https:\/\/api.w.org\/{rel}","templated":true}]}}